{"id":30630,"date":"2023-05-03T09:50:47","date_gmt":"2023-05-03T07:50:47","guid":{"rendered":"https:\/\/fidcorp.ch\/?page_id=30630"},"modified":"2023-07-15T13:38:41","modified_gmt":"2023-07-15T11:38:41","slug":"newsroom","status":"publish","type":"page","link":"https:\/\/fidcorp.ch\/en\/newsroom\/","title":{"rendered":"Newsroom"},"content":{"rendered":"<div data-elementor-type=\"wp-page\" data-elementor-id=\"30630\" class=\"elementor elementor-30630\" data-elementor-post-type=\"page\">\n\t\t\t\t\t\t<section class=\"elementor-section elementor-top-section elementor-element elementor-element-c73d64c elementor-section-height-min-height elementor-section-boxed elementor-section-height-default elementor-section-items-middle\" data-id=\"c73d64c\" data-element_type=\"section\" data-e-type=\"section\" data-settings=\"{&quot;background_background&quot;:&quot;classic&quot;}\">\n\t\t\t\t\t\t\t<div class=\"elementor-background-overlay\"><\/div>\n\t\t\t\t\t\t\t<div class=\"elementor-container elementor-column-gap-default\">\n\t\t\t\t\t<div class=\"elementor-column elementor-col-100 elementor-top-column elementor-element elementor-element-6b05398\" data-id=\"6b05398\" data-element_type=\"column\" data-e-type=\"column\">\n\t\t\t<div class=\"elementor-widget-wrap elementor-element-populated\">\n\t\t\t\t\t\t<div class=\"elementor-element elementor-element-e2d196e elementor-widget elementor-widget-heading\" data-id=\"e2d196e\" data-element_type=\"widget\" data-e-type=\"widget\" data-widget_type=\"heading.default\">\n\t\t\t\t<div class=\"elementor-widget-container\">\n\t\t\t\t\t<h2 class=\"elementor-heading-title elementor-size-default\">Discover Fidcorp news and guides<\/h2>\t\t\t\t<\/div>\n\t\t\t\t<\/div>\n\t\t\t\t<div class=\"elementor-element elementor-element-82a4974 elementor-widget elementor-widget-text-editor\" data-id=\"82a4974\" data-element_type=\"widget\" data-e-type=\"widget\" data-widget_type=\"text-editor.default\">\n\t\t\t\t<div class=\"elementor-widget-container\">\n\t\t\t\t\t\t\t\t\tNos ressources sont destin\u00e9es \u00e0 toute personne souhaitant s&rsquo;informer de l&rsquo;actualit\u00e9 en mati\u00e8re de fiscalit\u00e9, comptabilit\u00e9 et finance.\t\t\t\t\t\t\t\t<\/div>\n\t\t\t\t<\/div>\n\t\t\t\t\t<\/div>\n\t\t<\/div>\n\t\t\t\t\t<\/div>\n\t\t<\/section>\n\t\t\t\t<section class=\"elementor-section elementor-top-section elementor-element elementor-element-1327081 elementor-section-height-min-height elementor-section-boxed elementor-section-height-default elementor-section-items-middle\" data-id=\"1327081\" data-element_type=\"section\" data-e-type=\"section\" data-settings=\"{&quot;background_background&quot;:&quot;classic&quot;}\">\n\t\t\t\t\t\t<div class=\"elementor-container elementor-column-gap-default\">\n\t\t\t\t\t<div class=\"elementor-column elementor-col-100 elementor-top-column elementor-element elementor-element-0712774\" data-id=\"0712774\" data-element_type=\"column\" data-e-type=\"column\">\n\t\t\t<div class=\"elementor-widget-wrap elementor-element-populated\">\n\t\t\t\t\t\t<div class=\"elementor-element elementor-element-c794787 elementor-nav-menu__align-center elementor-nav-menu--dropdown-none elementor-widget elementor-widget-nav-menu\" data-id=\"c794787\" data-element_type=\"widget\" data-e-type=\"widget\" data-settings=\"{&quot;submenu_icon&quot;:{&quot;value&quot;:&quot;&lt;i class=\\&quot;\\&quot; aria-hidden=\\&quot;true\\&quot;&gt;&lt;\\\/i&gt;&quot;,&quot;library&quot;:&quot;&quot;},&quot;layout&quot;:&quot;horizontal&quot;}\" data-widget_type=\"nav-menu.default\">\n\t\t\t\t<div class=\"elementor-widget-container\">\n\t\t\t\t\t\t\t\t<nav aria-label=\"Menu\" class=\"elementor-nav-menu--main elementor-nav-menu__container elementor-nav-menu--layout-horizontal e--pointer-underline e--animation-fade\">\n\t\t\t\t<ul id=\"menu-1-c794787\" class=\"elementor-nav-menu\"><li class=\"menu-item menu-item-type-taxonomy menu-item-object-category menu-item-30635\"><a href=\"https:\/\/fidcorp.ch\/en\/category\/creation-dentreprise\/\" class=\"elementor-item\">Cr\u00e9ation d&rsquo;entreprise<\/a><\/li>\n<li class=\"menu-item menu-item-type-taxonomy menu-item-object-category menu-item-30636\"><a href=\"https:\/\/fidcorp.ch\/en\/category\/comptabilite\/\" class=\"elementor-item\">Accounting<\/a><\/li>\n<li class=\"menu-item menu-item-type-taxonomy menu-item-object-category menu-item-30637\"><a href=\"https:\/\/fidcorp.ch\/en\/category\/juridique\/\" class=\"elementor-item\">Legal<\/a><\/li>\n<li class=\"menu-item menu-item-type-taxonomy menu-item-object-category menu-item-30642\"><a href=\"https:\/\/fidcorp.ch\/en\/category\/finance\/\" class=\"elementor-item\">Finance<\/a><\/li>\n<li class=\"menu-item menu-item-type-taxonomy menu-item-object-category menu-item-30643\"><a href=\"https:\/\/fidcorp.ch\/en\/category\/fiscalite\/\" class=\"elementor-item\">Taxation<\/a><\/li>\n<li class=\"menu-item menu-item-type-taxonomy menu-item-object-category menu-item-30641\"><a href=\"https:\/\/fidcorp.ch\/en\/category\/actualites\/\" class=\"elementor-item\">News<\/a><\/li>\n<\/ul>\t\t\t<\/nav>\n\t\t\t\t\t\t<nav class=\"elementor-nav-menu--dropdown elementor-nav-menu__container\" aria-hidden=\"true\">\n\t\t\t\t<ul id=\"menu-2-c794787\" class=\"elementor-nav-menu\"><li class=\"menu-item menu-item-type-taxonomy menu-item-object-category menu-item-30635\"><a href=\"https:\/\/fidcorp.ch\/en\/category\/creation-dentreprise\/\" class=\"elementor-item\" tabindex=\"-1\">Cr\u00e9ation d&rsquo;entreprise<\/a><\/li>\n<li class=\"menu-item menu-item-type-taxonomy menu-item-object-category menu-item-30636\"><a href=\"https:\/\/fidcorp.ch\/en\/category\/comptabilite\/\" class=\"elementor-item\" tabindex=\"-1\">Accounting<\/a><\/li>\n<li class=\"menu-item menu-item-type-taxonomy menu-item-object-category menu-item-30637\"><a href=\"https:\/\/fidcorp.ch\/en\/category\/juridique\/\" class=\"elementor-item\" tabindex=\"-1\">Legal<\/a><\/li>\n<li class=\"menu-item menu-item-type-taxonomy menu-item-object-category menu-item-30642\"><a href=\"https:\/\/fidcorp.ch\/en\/category\/finance\/\" class=\"elementor-item\" tabindex=\"-1\">Finance<\/a><\/li>\n<li class=\"menu-item menu-item-type-taxonomy menu-item-object-category menu-item-30643\"><a href=\"https:\/\/fidcorp.ch\/en\/category\/fiscalite\/\" class=\"elementor-item\" tabindex=\"-1\">Taxation<\/a><\/li>\n<li class=\"menu-item menu-item-type-taxonomy menu-item-object-category menu-item-30641\"><a href=\"https:\/\/fidcorp.ch\/en\/category\/actualites\/\" class=\"elementor-item\" tabindex=\"-1\">News<\/a><\/li>\n<\/ul>\t\t\t<\/nav>\n\t\t\t\t\t\t<\/div>\n\t\t\t\t<\/div>\n\t\t\t\t\t<\/div>\n\t\t<\/div>\n\t\t\t\t\t<\/div>\n\t\t<\/section>\n\t\t\t\t<section class=\"elementor-section elementor-top-section elementor-element elementor-element-7bb3ce8 elementor-section-height-min-height elementor-section-boxed elementor-section-height-default elementor-section-items-middle\" data-id=\"7bb3ce8\" data-element_type=\"section\" data-e-type=\"section\" data-settings=\"{&quot;background_background&quot;:&quot;gradient&quot;}\">\n\t\t\t\t\t\t\t<div class=\"elementor-background-overlay\"><\/div>\n\t\t\t\t\t\t\t<div class=\"elementor-container elementor-column-gap-default\">\n\t\t\t\t\t<div class=\"elementor-column elementor-col-100 elementor-top-column elementor-element elementor-element-4df0322 elementor-hidden-mobile\" data-id=\"4df0322\" data-element_type=\"column\" data-e-type=\"column\">\n\t\t\t<div class=\"elementor-widget-wrap elementor-element-populated\">\n\t\t\t\t\t\t<div class=\"elementor-element elementor-element-ee94384 elementor-grid-1 elementor-posts--thumbnail-left elementor-grid-tablet-2 elementor-grid-mobile-1 elementor-widget elementor-widget-posts\" data-id=\"ee94384\" data-element_type=\"widget\" data-e-type=\"widget\" data-settings=\"{&quot;classic_columns&quot;:&quot;1&quot;,&quot;classic_row_gap&quot;:{&quot;unit&quot;:&quot;px&quot;,&quot;size&quot;:20,&quot;sizes&quot;:[]},&quot;classic_columns_tablet&quot;:&quot;2&quot;,&quot;classic_columns_mobile&quot;:&quot;1&quot;,&quot;classic_row_gap_tablet&quot;:{&quot;unit&quot;:&quot;px&quot;,&quot;size&quot;:&quot;&quot;,&quot;sizes&quot;:[]},&quot;classic_row_gap_mobile&quot;:{&quot;unit&quot;:&quot;px&quot;,&quot;size&quot;:&quot;&quot;,&quot;sizes&quot;:[]}}\" data-widget_type=\"posts.classic\">\n\t\t\t\t<div class=\"elementor-widget-container\">\n\t\t\t\t\t\t\t<div class=\"elementor-posts-container elementor-posts elementor-posts--skin-classic elementor-grid\" role=\"list\">\n\t\t\t\t<article class=\"elementor-post elementor-grid-item post-30688 post type-post status-publish format-standard has-post-thumbnail hentry category-autre\" role=\"listitem\">\n\t\t\t\t<a class=\"elementor-post__thumbnail__link\" href=\"https:\/\/fidcorp.ch\/en\/la-societe-anonyme\/\" tabindex=\"-1\" target=\"&quot;_blank&quot;\">\n\t\t\t<div class=\"elementor-post__thumbnail\"><img fetchpriority=\"high\" decoding=\"async\" width=\"768\" height=\"575\" src=\"https:\/\/fidcorp.ch\/wp-content\/uploads\/2023\/05\/3k5camxjxl4-768x575.jpg\" class=\"attachment-medium_large size-medium_large wp-image-30696\" alt=\"La soci\u00e9t\u00e9 anonyme\" srcset=\"https:\/\/fidcorp.ch\/wp-content\/uploads\/2023\/05\/3k5camxjxl4-768x575.jpg 768w, https:\/\/fidcorp.ch\/wp-content\/uploads\/2023\/05\/3k5camxjxl4-300x225.jpg 300w, https:\/\/fidcorp.ch\/wp-content\/uploads\/2023\/05\/3k5camxjxl4-1024x767.jpg 1024w, https:\/\/fidcorp.ch\/wp-content\/uploads\/2023\/05\/3k5camxjxl4-1536x1150.jpg 1536w, https:\/\/fidcorp.ch\/wp-content\/uploads\/2023\/05\/3k5camxjxl4-16x12.jpg 16w, https:\/\/fidcorp.ch\/wp-content\/uploads\/2023\/05\/3k5camxjxl4.jpg 1600w\" sizes=\"(max-width: 768px) 100vw, 768px\" \/><\/div>\n\t\t<\/a>\n\t\t\t\t<div class=\"elementor-post__text\">\n\t\t\t\t<h3 class=\"elementor-post__title\">\n\t\t\t<a href=\"https:\/\/fidcorp.ch\/en\/la-societe-anonyme\/\" target=\"&quot;_blank&quot;\">\n\t\t\t\tThe limited company\t\t\t<\/a>\n\t\t<\/h3>\n\t\t\t\t<div class=\"elementor-post__meta-data\">\n\t\t\t\t\t<span class=\"elementor-post-date\">\n\t\t\tMay 9, 2023\t\t<\/span>\n\t\t\t\t<\/div>\n\t\t\t\t<div class=\"elementor-post__excerpt\">\n\t\t\t<p>La soci\u00e9t\u00e9 anonyme est une forme juridique courante en Suisse. Elle permet \u00e0 plusieurs personnes de participer au capital de l&rsquo;entreprise, dont des investisseurs.<\/p>\n\t\t<\/div>\n\t\t\n\t\t<a class=\"elementor-post__read-more\" href=\"https:\/\/fidcorp.ch\/en\/la-societe-anonyme\/\" aria-label=\"Read more about La soci\u00e9t\u00e9 anonyme\" tabindex=\"-1\" target=\"_blank\">\n\t\t\tRead more \u00bb\t\t<\/a>\n\n\t\t\t\t<\/div>\n\t\t\t\t<\/article>\n\t\t\t\t<\/div>\n\t\t\n\t\t\t\t\t\t<\/div>\n\t\t\t\t<\/div>\n\t\t\t\t\t<\/div>\n\t\t<\/div>\n\t\t\t\t\t<\/div>\n\t\t<\/section>\n\t\t\t\t<section class=\"elementor-section elementor-top-section elementor-element elementor-element-15a1438 elementor-section-boxed elementor-section-height-default elementor-section-height-default\" data-id=\"15a1438\" data-element_type=\"section\" data-e-type=\"section\">\n\t\t\t\t\t\t<div class=\"elementor-container elementor-column-gap-default\">\n\t\t\t\t\t<div class=\"elementor-column elementor-col-100 elementor-top-column elementor-element elementor-element-977b3f4\" data-id=\"977b3f4\" data-element_type=\"column\" data-e-type=\"column\">\n\t\t\t<div class=\"elementor-widget-wrap\">\n\t\t\t\t\t\t\t<\/div>\n\t\t<\/div>\n\t\t\t\t\t<\/div>\n\t\t<\/section>\n\t\t\t\t<section class=\"elementor-section elementor-top-section elementor-element elementor-element-a7bf6e4 elementor-section-boxed elementor-section-height-default elementor-section-height-default\" data-id=\"a7bf6e4\" data-element_type=\"section\" data-e-type=\"section\" data-settings=\"{&quot;background_background&quot;:&quot;classic&quot;}\">\n\t\t\t\t\t\t<div class=\"elementor-container elementor-column-gap-default\">\n\t\t\t\t\t<div class=\"elementor-column elementor-col-100 elementor-top-column elementor-element elementor-element-0051932\" data-id=\"0051932\" data-element_type=\"column\" data-e-type=\"column\">\n\t\t\t<div class=\"elementor-widget-wrap elementor-element-populated\">\n\t\t\t\t\t\t<div class=\"elementor-element elementor-element-9c8eb52 elementor-widget elementor-widget-heading\" data-id=\"9c8eb52\" data-element_type=\"widget\" data-e-type=\"widget\" data-widget_type=\"heading.default\">\n\t\t\t\t<div class=\"elementor-widget-container\">\n\t\t\t\t\t<h2 class=\"elementor-heading-title elementor-size-default\">All posts<\/h2>\t\t\t\t<\/div>\n\t\t\t\t<\/div>\n\t\t\t\t<div class=\"elementor-element elementor-element-43ed102 elementor-posts--thumbnail-none elementor-grid-3 elementor-grid-tablet-2 elementor-grid-mobile-1 elementor-widget elementor-widget-posts\" data-id=\"43ed102\" data-element_type=\"widget\" data-e-type=\"widget\" data-settings=\"{&quot;classic_row_gap&quot;:{&quot;unit&quot;:&quot;px&quot;,&quot;size&quot;:47,&quot;sizes&quot;:[]},&quot;pagination_type&quot;:&quot;prev_next&quot;,&quot;classic_columns&quot;:&quot;3&quot;,&quot;classic_columns_tablet&quot;:&quot;2&quot;,&quot;classic_columns_mobile&quot;:&quot;1&quot;,&quot;classic_row_gap_tablet&quot;:{&quot;unit&quot;:&quot;px&quot;,&quot;size&quot;:&quot;&quot;,&quot;sizes&quot;:[]},&quot;classic_row_gap_mobile&quot;:{&quot;unit&quot;:&quot;px&quot;,&quot;size&quot;:&quot;&quot;,&quot;sizes&quot;:[]}}\" data-widget_type=\"posts.classic\">\n\t\t\t\t<div class=\"elementor-widget-container\">\n\t\t\t\t\t\t\t<div class=\"elementor-posts-container elementor-posts elementor-posts--skin-classic elementor-grid\" role=\"list\">\n\t\t\t\t<article class=\"elementor-post elementor-grid-item post-30688 post type-post status-publish format-standard has-post-thumbnail hentry category-autre\" role=\"listitem\">\n\t\t\t\t<div class=\"elementor-post__text\">\n\t\t\t\t<h3 class=\"elementor-post__title\">\n\t\t\t<a href=\"https:\/\/fidcorp.ch\/en\/la-societe-anonyme\/\" >\n\t\t\t\tThe limited company\t\t\t<\/a>\n\t\t<\/h3>\n\t\t\n\t\t<a class=\"elementor-post__read-more\" href=\"https:\/\/fidcorp.ch\/en\/la-societe-anonyme\/\" aria-label=\"Read more about La soci\u00e9t\u00e9 anonyme\" tabindex=\"-1\" >\n\t\t\tRead the article\"\t\t<\/a>\n\n\t\t\t\t<\/div>\n\t\t\t\t<\/article>\n\t\t\t\t<article class=\"elementor-post elementor-grid-item post-30607 post type-post status-publish format-standard has-post-thumbnail hentry category-juridique tag-contrat-de-mandat\" role=\"listitem\">\n\t\t\t\t<div class=\"elementor-post__text\">\n\t\t\t\t<h3 class=\"elementor-post__title\">\n\t\t\t<a href=\"https:\/\/fidcorp.ch\/en\/contrat-de-mandat-definition-et-particularites\/\" >\n\t\t\t\tMandate contract: definition and particularities\t\t\t<\/a>\n\t\t<\/h3>\n\t\t\n\t\t<a class=\"elementor-post__read-more\" href=\"https:\/\/fidcorp.ch\/en\/contrat-de-mandat-definition-et-particularites\/\" aria-label=\"Read more about Contrat de mandat: d\u00e9finition et particularit\u00e9s\" tabindex=\"-1\" >\n\t\t\tRead the article\"\t\t<\/a>\n\n\t\t\t\t<\/div>\n\t\t\t\t<\/article>\n\t\t\t\t<article class=\"elementor-post elementor-grid-item post-30587 post type-post status-publish format-standard has-post-thumbnail hentry category-creation-dentreprise\" role=\"listitem\">\n\t\t\t\t<div class=\"elementor-post__text\">\n\t\t\t\t<h3 class=\"elementor-post__title\">\n\t\t\t<a href=\"https:\/\/fidcorp.ch\/en\/la-sarl-en-suisse-guide-complet\/\" >\n\t\t\t\tLLC in Switzerland: complete guide\t\t\t<\/a>\n\t\t<\/h3>\n\t\t\n\t\t<a class=\"elementor-post__read-more\" href=\"https:\/\/fidcorp.ch\/en\/la-sarl-en-suisse-guide-complet\/\" aria-label=\"Read more about La S\u00e0rl en Suisse: Guide complet\" tabindex=\"-1\" >\n\t\t\tRead the article\"\t\t<\/a>\n\n\t\t\t\t<\/div>\n\t\t\t\t<\/article>\n\t\t\t\t<article class=\"elementor-post elementor-grid-item post-30579 post type-post status-publish format-standard has-post-thumbnail hentry category-creation-dentreprise\" role=\"listitem\">\n\t\t\t\t<div class=\"elementor-post__text\">\n\t\t\t\t<h3 class=\"elementor-post__title\">\n\t\t\t<a href=\"https:\/\/fidcorp.ch\/en\/lentreprise-individuelle-en-suisse\/\" >\n\t\t\t\tL&rsquo;entreprise individuelle en Suisse\t\t\t<\/a>\n\t\t<\/h3>\n\t\t\n\t\t<a class=\"elementor-post__read-more\" href=\"https:\/\/fidcorp.ch\/en\/lentreprise-individuelle-en-suisse\/\" aria-label=\"Read more about L&rsquo;entreprise individuelle en Suisse\" tabindex=\"-1\" >\n\t\t\tRead the article\"\t\t<\/a>\n\n\t\t\t\t<\/div>\n\t\t\t\t<\/article>\n\t\t\t\t<article class=\"elementor-post elementor-grid-item post-30540 post type-post status-publish format-standard has-post-thumbnail hentry category-comptabilite tag-aide-administrative tag-comptabilite tag-tenue-des-comptes\" role=\"listitem\">\n\t\t\t\t<div class=\"elementor-post__text\">\n\t\t\t\t<h3 class=\"elementor-post__title\">\n\t\t\t<a href=\"https:\/\/fidcorp.ch\/en\/avantages-recours-fiduciaire-petites-entreprises\/\" >\n\t\t\t\tThe benefits of using a trustee for small businesses\t\t\t<\/a>\n\t\t<\/h3>\n\t\t\n\t\t<a class=\"elementor-post__read-more\" href=\"https:\/\/fidcorp.ch\/en\/avantages-recours-fiduciaire-petites-entreprises\/\" aria-label=\"Read more about Les avantages du recours \u00e0 une fiduciaire pour les petites entreprises\" tabindex=\"-1\" >\n\t\t\tRead the article\"\t\t<\/a>\n\n\t\t\t\t<\/div>\n\t\t\t\t<\/article>\n\t\t\t\t<\/div>\n\t\t\n\t\t\t\t\t\t<\/div>\n\t\t\t\t<\/div>\n\t\t\t\t\t<\/div>\n\t\t<\/div>\n\t\t\t\t\t<\/div>\n\t\t<\/section>\n\t\t\t\t<\/div>","protected":false},"excerpt":{"rendered":"<p>D\u00e9couvrez les actualit\u00e9s et guides de Fidcorp Nos ressources sont destin\u00e9es \u00e0 toute personne souhaitant s&rsquo;informer de l&rsquo;actualit\u00e9 en mati\u00e8re de fiscalit\u00e9, comptabilit\u00e9 et finance.<\/p>","protected":false},"author":1,"featured_media":0,"parent":0,"menu_order":0,"comment_status":"closed","ping_status":"closed","template":"","meta":{"footnotes":""},"class_list":["post-30630","page","type-page","status-publish","hentry"],"_links":{"self":[{"href":"https:\/\/fidcorp.ch\/en\/wp-json\/wp\/v2\/pages\/30630","targetHints":{"allow":["GET"]}}],"collection":[{"href":"https:\/\/fidcorp.ch\/en\/wp-json\/wp\/v2\/pages"}],"about":[{"href":"https:\/\/fidcorp.ch\/en\/wp-json\/wp\/v2\/types\/page"}],"author":[{"embeddable":true,"href":"https:\/\/fidcorp.ch\/en\/wp-json\/wp\/v2\/users\/1"}],"replies":[{"embeddable":true,"href":"https:\/\/fidcorp.ch\/en\/wp-json\/wp\/v2\/comments?post=30630"}],"version-history":[{"count":13,"href":"https:\/\/fidcorp.ch\/en\/wp-json\/wp\/v2\/pages\/30630\/revisions"}],"predecessor-version":[{"id":30936,"href":"https:\/\/fidcorp.ch\/en\/wp-json\/wp\/v2\/pages\/30630\/revisions\/30936"}],"wp:attachment":[{"href":"https:\/\/fidcorp.ch\/en\/wp-json\/wp\/v2\/media?parent=30630"}],"curies":[{"name":"wp","href":"https:\/\/api.w.org\/{rel}","templated":true}]}}