{"id":29619,"date":"2023-02-09T10:30:52","date_gmt":"2023-02-09T09:30:52","guid":{"rendered":"https:\/\/fidcorp.ch\/?page_id=29619"},"modified":"2023-08-17T10:46:33","modified_gmt":"2023-08-17T08:46:33","slug":"demande-de-rectification-impot-a-la-source","status":"publish","type":"page","link":"https:\/\/fidcorp.ch\/en\/demande-de-rectification-impot-a-la-source\/","title":{"rendered":"Withholding tax adjustment"},"content":{"rendered":"<div data-elementor-type=\"wp-page\" data-elementor-id=\"29619\" class=\"elementor elementor-29619\" data-elementor-post-type=\"page\">\n\t\t\t\t\t\t<section class=\"elementor-section elementor-top-section elementor-element elementor-element-bac3c9e elementor-section-height-min-height elementor-section-boxed elementor-section-height-default elementor-section-items-middle\" data-id=\"bac3c9e\" data-element_type=\"section\" data-e-type=\"section\">\n\t\t\t\t\t\t<div class=\"elementor-container elementor-column-gap-default\">\n\t\t\t\t\t<div class=\"elementor-column elementor-col-100 elementor-top-column elementor-element elementor-element-e81ed07\" data-id=\"e81ed07\" data-element_type=\"column\" data-e-type=\"column\">\n\t\t\t<div class=\"elementor-widget-wrap\">\n\t\t\t\t\t\t\t<\/div>\n\t\t<\/div>\n\t\t\t\t\t<\/div>\n\t\t<\/section>\n\t\t\t\t<section class=\"elementor-section elementor-top-section elementor-element elementor-element-1812ab7 elementor-section-height-min-height elementor-section-boxed elementor-section-height-default elementor-section-items-middle\" data-id=\"1812ab7\" data-element_type=\"section\" data-e-type=\"section\" data-settings=\"{&quot;background_background&quot;:&quot;classic&quot;}\">\n\t\t\t\t\t\t<div class=\"elementor-container elementor-column-gap-default\">\n\t\t\t\t\t<div class=\"elementor-column elementor-col-50 elementor-top-column elementor-element elementor-element-55e7f16\" data-id=\"55e7f16\" data-element_type=\"column\" data-e-type=\"column\">\n\t\t\t<div class=\"elementor-widget-wrap elementor-element-populated\">\n\t\t\t\t\t\t<div class=\"elementor-element elementor-element-9e8a41b elementor-widget elementor-widget-heading\" data-id=\"9e8a41b\" data-element_type=\"widget\" data-e-type=\"widget\" data-widget_type=\"heading.default\">\n\t\t\t\t<div class=\"elementor-widget-container\">\n\t\t\t\t\t<h1 class=\"elementor-heading-title elementor-size-default\">Request for withholding tax adjustment<\/h1>\t\t\t\t<\/div>\n\t\t\t\t<\/div>\n\t\t\t\t<div class=\"elementor-element elementor-element-3b5b69f elementor-widget elementor-widget-heading\" data-id=\"3b5b69f\" data-element_type=\"widget\" data-e-type=\"widget\" data-widget_type=\"heading.default\">\n\t\t\t\t<div class=\"elementor-widget-container\">\n\t\t\t\t\t<h2 class=\"elementor-heading-title elementor-size-default\">Correct the amount of your taxable base<\/h2>\t\t\t\t<\/div>\n\t\t\t\t<\/div>\n\t\t\t\t<div class=\"elementor-element elementor-element-dd04c2c elementor-widget elementor-widget-text-editor\" data-id=\"dd04c2c\" data-element_type=\"widget\" data-e-type=\"widget\" data-widget_type=\"text-editor.default\">\n\t\t\t\t<div class=\"elementor-widget-container\">\n\t\t\t\t\t\t\t\t\t<p><span class=\"ILfuVd\" lang=\"fr\"><span class=\"hgKElc\">Withholding tax consists of deducting tax before payment of income. If you are a cross-border commuter or have a B permit, you are subject to this and must therefore take the necessary steps.<\/span><\/span><\/p>\t\t\t\t\t\t\t\t<\/div>\n\t\t\t\t<\/div>\n\t\t\t\t<div class=\"elementor-element elementor-element-069bab0 elementor-align-left elementor-mobile-align-justify elementor-widget elementor-widget-button\" data-id=\"069bab0\" data-element_type=\"widget\" data-e-type=\"widget\" data-widget_type=\"button.default\">\n\t\t\t\t<div class=\"elementor-widget-container\">\n\t\t\t\t\t\t\t\t\t<div class=\"elementor-button-wrapper\">\n\t\t\t\t\t<a class=\"elementor-button elementor-button-link elementor-size-sm\" href=\"#impot-source\">\n\t\t\t\t\t\t<span class=\"elementor-button-content-wrapper\">\n\t\t\t\t\t\t\t\t\t<span class=\"elementor-button-text\">Learn more<\/span>\n\t\t\t\t\t<\/span>\n\t\t\t\t\t<\/a>\n\t\t\t\t<\/div>\n\t\t\t\t\t\t\t\t<\/div>\n\t\t\t\t<\/div>\n\t\t\t\t\t<\/div>\n\t\t<\/div>\n\t\t\t\t<div class=\"elementor-column elementor-col-50 elementor-top-column elementor-element elementor-element-8d6c97b\" data-id=\"8d6c97b\" data-element_type=\"column\" data-e-type=\"column\">\n\t\t\t<div class=\"elementor-widget-wrap\">\n\t\t\t\t\t\t\t<\/div>\n\t\t<\/div>\n\t\t\t\t\t<\/div>\n\t\t<\/section>\n\t\t\t\t<section class=\"elementor-section elementor-top-section elementor-element elementor-element-dae4f27 elementor-section-boxed elementor-section-height-default elementor-section-height-default\" data-id=\"dae4f27\" data-element_type=\"section\" data-e-type=\"section\">\n\t\t\t\t\t\t<div class=\"elementor-container elementor-column-gap-default\">\n\t\t\t\t\t<div class=\"elementor-column elementor-col-100 elementor-top-column elementor-element elementor-element-1a111ba\" data-id=\"1a111ba\" data-element_type=\"column\" data-e-type=\"column\">\n\t\t\t<div class=\"elementor-widget-wrap elementor-element-populated\">\n\t\t\t\t\t\t<div class=\"elementor-element elementor-element-f401993 elementor-widget elementor-widget-menu-anchor\" data-id=\"f401993\" data-element_type=\"widget\" data-e-type=\"widget\" data-widget_type=\"menu-anchor.default\">\n\t\t\t\t<div class=\"elementor-widget-container\">\n\t\t\t\t\t\t\t<div class=\"elementor-menu-anchor\" id=\"impot-source\"><\/div>\n\t\t\t\t\t\t<\/div>\n\t\t\t\t<\/div>\n\t\t\t\t<div class=\"elementor-element elementor-element-7aaaed0 elementor-widget elementor-widget-heading\" data-id=\"7aaaed0\" data-element_type=\"widget\" data-e-type=\"widget\" data-widget_type=\"heading.default\">\n\t\t\t\t<div class=\"elementor-widget-container\">\n\t\t\t\t\t<h2 class=\"elementor-heading-title elementor-size-default\">What is withholding tax?<\/h2>\t\t\t\t<\/div>\n\t\t\t\t<\/div>\n\t\t\t\t<div class=\"elementor-element elementor-element-766d419 elementor-widget elementor-widget-heading\" data-id=\"766d419\" data-element_type=\"widget\" data-e-type=\"widget\" data-widget_type=\"heading.default\">\n\t\t\t\t<div class=\"elementor-widget-container\">\n\t\t\t\t\t<h3 class=\"elementor-heading-title elementor-size-default\">Tax calculation<\/h3>\t\t\t\t<\/div>\n\t\t\t\t<\/div>\n\t\t\t\t<div class=\"elementor-element elementor-element-6734788 elementor-widget elementor-widget-text-editor\" data-id=\"6734788\" data-element_type=\"widget\" data-e-type=\"widget\" data-widget_type=\"text-editor.default\">\n\t\t\t\t<div class=\"elementor-widget-container\">\n\t\t\t\t\t\t\t\t\t<p>In Switzerland, the cantons and municipalities can also <strong>levy taxes<\/strong>. Since the <a href=\"https:\/\/www.fedlex.admin.ch\/eli\/cc\/1991\/1256_1256_1256\/fr\">federal law on the harmonization of taxes of 1990<\/a>, cantons may set their own tax rates or create new taxes (except for taxes set by the state).<\/p><p>Withholding tax is deducted by the employer. It includes all federal, cantonal and municipal taxes. It is calculated on the basis of the employee's gross income.<\/p>\t\t\t\t\t\t\t\t<\/div>\n\t\t\t\t<\/div>\n\t\t\t\t<div class=\"elementor-element elementor-element-00bbd21 elementor-widget elementor-widget-heading\" data-id=\"00bbd21\" data-element_type=\"widget\" data-e-type=\"widget\" data-widget_type=\"heading.default\">\n\t\t\t\t<div class=\"elementor-widget-container\">\n\t\t\t\t\t<h3 class=\"elementor-heading-title elementor-size-default\">Who is subject to withholding tax<\/h3>\t\t\t\t<\/div>\n\t\t\t\t<\/div>\n\t\t\t\t<div class=\"elementor-element elementor-element-128ec8c elementor-widget elementor-widget-text-editor\" data-id=\"128ec8c\" data-element_type=\"widget\" data-e-type=\"widget\" data-widget_type=\"text-editor.default\">\n\t\t\t\t<div class=\"elementor-widget-container\">\n\t\t\t\t\t\t\t\t\t<p>Every Swiss resident must file a tax return every year. Foreign employees who do not have a permit, but are employed, are subject to a process called \"withholding tax\", which is deducted from the monthly salary by the employer. If you are married to a spouse who has Swiss citizenship or a residence permit, you are exempt from withholding tax.<\/p><p>However, if you are a Swiss resident with a B permit, you will still be subject to withholding tax.<\/p><p>Only residents with a C permit and Swiss nationals are exempt.<\/p>\t\t\t\t\t\t\t\t<\/div>\n\t\t\t\t<\/div>\n\t\t\t\t\t<\/div>\n\t\t<\/div>\n\t\t\t\t\t<\/div>\n\t\t<\/section>\n\t\t\t\t<section class=\"elementor-section elementor-top-section elementor-element elementor-element-0d8aed0 elementor-section-content-top elementor-section-boxed elementor-section-height-default elementor-section-height-default\" data-id=\"0d8aed0\" data-element_type=\"section\" data-e-type=\"section\">\n\t\t\t\t\t\t<div class=\"elementor-container elementor-column-gap-no\">\n\t\t\t\t\t<div class=\"elementor-column elementor-col-100 elementor-top-column elementor-element elementor-element-37bdaff\" data-id=\"37bdaff\" data-element_type=\"column\" data-e-type=\"column\">\n\t\t\t<div class=\"elementor-widget-wrap elementor-element-populated\">\n\t\t\t\t\t\t<div class=\"elementor-element elementor-element-b373f18 elementor-widget elementor-widget-heading\" data-id=\"b373f18\" data-element_type=\"widget\" data-e-type=\"widget\" data-widget_type=\"heading.default\">\n\t\t\t\t<div class=\"elementor-widget-container\">\n\t\t\t\t\t<h3 class=\"elementor-heading-title elementor-size-default\">Frequently asked questions<\/h3>\t\t\t\t<\/div>\n\t\t\t\t<\/div>\n\t\t\t\t<div class=\"elementor-element elementor-element-76f2eff elementor-widget elementor-widget-toggle\" data-id=\"76f2eff\" data-element_type=\"widget\" data-e-type=\"widget\" data-widget_type=\"toggle.default\">\n\t\t\t\t<div class=\"elementor-widget-container\">\n\t\t\t\t\t\t\t<div class=\"elementor-toggle\">\n\t\t\t\t\t\t\t<div class=\"elementor-toggle-item\">\n\t\t\t\t\t<div id=\"elementor-tab-title-1241\" class=\"elementor-tab-title\" data-tab=\"1\" role=\"button\" aria-controls=\"elementor-tab-content-1241\" aria-expanded=\"false\">\n\t\t\t\t\t\t\t\t\t\t\t\t<span class=\"elementor-toggle-icon elementor-toggle-icon-right\" aria-hidden=\"true\">\n\t\t\t\t\t\t\t\t\t\t\t\t\t\t\t<span class=\"elementor-toggle-icon-closed\"><svg xmlns=\"http:\/\/www.w3.org\/2000\/svg\" id=\"b64b7500-205e-4b4c-b85b-719c6b9efefc\" data-name=\"Layer 1\" width=\"14.6802\" height=\"7.5488\" viewbox=\"0 0 14.6802 7.5488\"><polygon points=\"7.34 7.549 0 0.732 0.681 0 7.34 6.184 14 0 14.68 0.732 7.34 7.549\"><\/polygon><\/svg><\/span>\n\t\t\t\t\t\t\t\t<span class=\"elementor-toggle-icon-opened\"><svg xmlns=\"http:\/\/www.w3.org\/2000\/svg\" id=\"a9a06c65-5466-4dff-9af0-1537f84a1b5f\" data-name=\"Layer 1\" width=\"14.6802\" height=\"7.5488\" viewbox=\"0 0 14.6802 7.5488\"><polygon points=\"7.34 0 14.68 6.816 14 7.549 7.34 1.365 0.68 7.549 0 6.816 7.34 0\"><\/polygon><\/svg><\/span>\n\t\t\t\t\t\t\t\t\t\t\t\t\t<\/span>\n\t\t\t\t\t\t\t\t\t\t\t\t<a class=\"elementor-toggle-title\" tabindex=\"0\">Why ask for a correction?<\/a>\n\t\t\t\t\t<\/div>\n\n\t\t\t\t\t<div id=\"elementor-tab-content-1241\" class=\"elementor-tab-content elementor-clearfix\" data-tab=\"1\" role=\"region\" aria-labelledby=\"elementor-tab-title-1241\"><div id=\"elementor-tab-content-1411\" class=\"elementor-tab-content elementor-clearfix elementor-active\" role=\"tabpanel\" data-tab=\"1\" aria-labelledby=\"elementor-tab-title-1411\"><p>In case of doubt, any individual taxed at source (resident with a B permit or cross-border commuter) can request a new calculation of the tax at source for two main reasons:<\/p><ol><li>In order to correct the amount of the taxable base, tax rate or scale.<\/li><li>Requesting that dependent children be taken into account in several cases<\/li><\/ol><p>\u00a0<\/p><p><a href=\"https:\/\/www.getax.ch\/guide-is\/directives-IS2021\/81Rectificationdelimpotalasource.html\">Read more here<\/a><\/p><\/div><\/div>\n\t\t\t\t<\/div>\n\t\t\t\t\t\t\t<div class=\"elementor-toggle-item\">\n\t\t\t\t\t<div id=\"elementor-tab-title-1242\" class=\"elementor-tab-title\" data-tab=\"2\" role=\"button\" aria-controls=\"elementor-tab-content-1242\" aria-expanded=\"false\">\n\t\t\t\t\t\t\t\t\t\t\t\t<span class=\"elementor-toggle-icon elementor-toggle-icon-right\" aria-hidden=\"true\">\n\t\t\t\t\t\t\t\t\t\t\t\t\t\t\t<span class=\"elementor-toggle-icon-closed\"><svg xmlns=\"http:\/\/www.w3.org\/2000\/svg\" id=\"b64b7500-205e-4b4c-b85b-719c6b9efefc\" data-name=\"Layer 1\" width=\"14.6802\" height=\"7.5488\" viewbox=\"0 0 14.6802 7.5488\"><polygon points=\"7.34 7.549 0 0.732 0.681 0 7.34 6.184 14 0 14.68 0.732 7.34 7.549\"><\/polygon><\/svg><\/span>\n\t\t\t\t\t\t\t\t<span class=\"elementor-toggle-icon-opened\"><svg xmlns=\"http:\/\/www.w3.org\/2000\/svg\" id=\"a9a06c65-5466-4dff-9af0-1537f84a1b5f\" data-name=\"Layer 1\" width=\"14.6802\" height=\"7.5488\" viewbox=\"0 0 14.6802 7.5488\"><polygon points=\"7.34 0 14.68 6.816 14 7.549 7.34 1.365 0.68 7.549 0 6.816 7.34 0\"><\/polygon><\/svg><\/span>\n\t\t\t\t\t\t\t\t\t\t\t\t\t<\/span>\n\t\t\t\t\t\t\t\t\t\t\t\t<a class=\"elementor-toggle-title\" tabindex=\"0\">Is it possible to recover part of my tax at source?<\/a>\n\t\t\t\t\t<\/div>\n\n\t\t\t\t\t<div id=\"elementor-tab-content-1242\" class=\"elementor-tab-content elementor-clearfix\" data-tab=\"2\" role=\"region\" aria-labelledby=\"elementor-tab-title-1242\"><p>You can reclaim a portion of your withholding tax by obtaining quasi-resident status.<\/p><p>Cross-border commuters and B-permits who receive 90% of their household income from Switzerland can be considered as semi-resident.<\/p><p>Therefore, they are treated as resident taxpayers (Swiss citizens or C permit) after studying the file.<\/p><\/div>\n\t\t\t\t<\/div>\n\t\t\t\t\t\t\t<div class=\"elementor-toggle-item\">\n\t\t\t\t\t<div id=\"elementor-tab-title-1243\" class=\"elementor-tab-title\" data-tab=\"3\" role=\"button\" aria-controls=\"elementor-tab-content-1243\" aria-expanded=\"false\">\n\t\t\t\t\t\t\t\t\t\t\t\t<span class=\"elementor-toggle-icon elementor-toggle-icon-right\" aria-hidden=\"true\">\n\t\t\t\t\t\t\t\t\t\t\t\t\t\t\t<span class=\"elementor-toggle-icon-closed\"><svg xmlns=\"http:\/\/www.w3.org\/2000\/svg\" id=\"b64b7500-205e-4b4c-b85b-719c6b9efefc\" data-name=\"Layer 1\" width=\"14.6802\" height=\"7.5488\" viewbox=\"0 0 14.6802 7.5488\"><polygon points=\"7.34 7.549 0 0.732 0.681 0 7.34 6.184 14 0 14.68 0.732 7.34 7.549\"><\/polygon><\/svg><\/span>\n\t\t\t\t\t\t\t\t<span class=\"elementor-toggle-icon-opened\"><svg xmlns=\"http:\/\/www.w3.org\/2000\/svg\" id=\"a9a06c65-5466-4dff-9af0-1537f84a1b5f\" data-name=\"Layer 1\" width=\"14.6802\" height=\"7.5488\" viewbox=\"0 0 14.6802 7.5488\"><polygon points=\"7.34 0 14.68 6.816 14 7.549 7.34 1.365 0.68 7.549 0 6.816 7.34 0\"><\/polygon><\/svg><\/span>\n\t\t\t\t\t\t\t\t\t\t\t\t\t<\/span>\n\t\t\t\t\t\t\t\t\t\t\t\t<a class=\"elementor-toggle-title\" tabindex=\"0\">What is a TOU (Ordinary Subsequent Taxation)?<\/a>\n\t\t\t\t\t<\/div>\n\n\t\t\t\t\t<div id=\"elementor-tab-content-1243\" class=\"elementor-tab-content elementor-clearfix\" data-tab=\"3\" role=\"region\" aria-labelledby=\"elementor-tab-title-1243\"><p class=\"translation-block\">The <a href=\"https:\/\/www.ge.ch\/taxation-ordinaire-ulterieure-tou\" target=\"_blank\" rel=\"noopener\">TOU<\/a> offers taxpayers who are taxed at source the ability to request adjustments to their taxes the following year by reporting additional expenses and additional income.<\/p><p>Cette d\u00e9marche est trait\u00e9e de la m\u00eame mani\u00e8re qu&rsquo;une taxation classique, mais intervient apr\u00e8s le pr\u00e9l\u00e8vement de l&rsquo;imp\u00f4t \u00e0 la source.<\/p><\/div>\n\t\t\t\t<\/div>\n\t\t\t\t\t\t\t\t\t\t<script type=\"application\/ld+json\">{\"@context\":\"https:\\\/\\\/schema.org\",\"@type\":\"FAQPage\",\"mainEntity\":[{\"@type\":\"Question\",\"name\":\"Pourquoi demander une rectification ?\",\"acceptedAnswer\":{\"@type\":\"Answer\",\"text\":\"<div id=\\\"elementor-tab-content-1411\\\" class=\\\"elementor-tab-content elementor-clearfix elementor-active\\\" role=\\\"tabpanel\\\" data-tab=\\\"1\\\" aria-labelledby=\\\"elementor-tab-title-1411\\\"><p>En cas de doute, tout individu impos\\u00e9 \\u00e0 la source (r\\u00e9sident avec permis B ou frontalier) peut demander un nouveau calcul de l\\u2019imp\\u00f4t \\u00e0 la source pour deux raisons principales :<\\\/p><ol><li>Afin de corriger le montant de l\\u2019assiette imposable, du taux d\\u2019imposition ou bar\\u00e8me.<\\\/li><li>Demander la prise en compte des enfants \\u00e0 charges dans plusieurs cas de figure<\\\/li><\\\/ol><p>\\u00a0<\\\/p><p><a href=\\\"https:\\\/\\\/www.getax.ch\\\/guide-is\\\/directives-IS2021\\\/81Rectificationdelimpotalasource.html\\\">En savoir plus ici<\\\/a><\\\/p><\\\/div>\"}},{\"@type\":\"Question\",\"name\":\"Est-il possible de r\\u00e9cup\\u00e9rer une partie de mon imp\\u00f4t \\u00e0 la source ?\",\"acceptedAnswer\":{\"@type\":\"Answer\",\"text\":\"<p>Vous pouvez r\\u00e9cup\\u00e9rer une partie de votre imp\\u00f4t \\u00e0 la source gr\\u00e2ce \\u00e0 l\\u2019obtention du statut de quasi-r\\u00e9sident.<\\\/p><p>Les frontaliers et permis B dont 90% des revenus du foyer fiscal proviennent de Suisse peuvent \\u00eatre qualifi\\u00e9s de semi-r\\u00e9sidents.<\\\/p><p>Par cons\\u00e9quents, ces derniers sont trait\\u00e9s comme des contribuables r\\u00e9sidents (citoyens suisses ou permis C) apr\\u00e8s \\u00e9tude du dossier.<\\\/p>\"}},{\"@type\":\"Question\",\"name\":\"Qu'est ce qu'une TOU (Taxation Ordinaire Ult\\u00e9rieure) ?\",\"acceptedAnswer\":{\"@type\":\"Answer\",\"text\":\"<p>La <a href=\\\"https:\\\/\\\/www.ge.ch\\\/taxation-ordinaire-ulterieure-tou\\\">TOU<\\\/a> offre aux contribuables impos\\u00e9s \\u00e0 la source la possibilit\\u00e9 de demander des ajustements \\u00e0 leur imp\\u00f4t l&rsquo;ann\\u00e9e suivante, en d\\u00e9clarant des d\\u00e9penses suppl\\u00e9mentaires et des revenus suppl\\u00e9mentaires.<\\\/p><p>Cette d\\u00e9marche est trait\\u00e9e de la m\\u00eame mani\\u00e8re qu&rsquo;une taxation classique, mais intervient apr\\u00e8s le pr\\u00e9l\\u00e8vement de l&rsquo;imp\\u00f4t \\u00e0 la source.<\\\/p>\"}}]}<\/script>\n\t\t\t\t\t<\/div>\n\t\t\t\t\t\t<\/div>\n\t\t\t\t<\/div>\n\t\t\t\t\t<\/div>\n\t\t<\/div>\n\t\t\t\t\t<\/div>\n\t\t<\/section>\n\t\t\t\t<section class=\"elementor-section elementor-top-section elementor-element elementor-element-7f6e92d elementor-section-height-min-height elementor-section-boxed elementor-section-height-default elementor-section-items-middle\" data-id=\"7f6e92d\" data-element_type=\"section\" data-e-type=\"section\" data-settings=\"{&quot;background_background&quot;:&quot;classic&quot;}\">\n\t\t\t\t\t\t<div class=\"elementor-container elementor-column-gap-no\">\n\t\t\t\t\t<div class=\"elementor-column elementor-col-50 elementor-top-column elementor-element elementor-element-8533113\" data-id=\"8533113\" data-element_type=\"column\" data-e-type=\"column\">\n\t\t\t<div class=\"elementor-widget-wrap elementor-element-populated\">\n\t\t\t\t\t\t<div class=\"elementor-element elementor-element-9a658d9 elementor-widget elementor-widget-heading\" data-id=\"9a658d9\" data-element_type=\"widget\" data-e-type=\"widget\" data-widget_type=\"heading.default\">\n\t\t\t\t<div class=\"elementor-widget-container\">\n\t\t\t\t\t<h4 class=\"elementor-heading-title elementor-size-default\">We advise you to<\/h4>\t\t\t\t<\/div>\n\t\t\t\t<\/div>\n\t\t\t\t<div class=\"elementor-element elementor-element-b5368c6 elementor-invisible elementor-widget elementor-widget-text-editor\" data-id=\"b5368c6\" data-element_type=\"widget\" data-e-type=\"widget\" data-settings=\"{&quot;_animation&quot;:&quot;fadeIn&quot;,&quot;_animation_delay&quot;:200}\" data-widget_type=\"text-editor.default\">\n\t\t\t\t<div class=\"elementor-widget-container\">\n\t\t\t\t\t\t\t\t\t<p>Call one of our experts to rectify your withholding tax and recover the overpayment.<\/p>\t\t\t\t\t\t\t\t<\/div>\n\t\t\t\t<\/div>\n\t\t\t\t<section class=\"elementor-section elementor-inner-section elementor-element elementor-element-35a10ce elementor-section-full_width elementor-section-height-default elementor-section-height-default\" data-id=\"35a10ce\" data-element_type=\"section\" data-e-type=\"section\">\n\t\t\t\t\t\t<div class=\"elementor-container elementor-column-gap-default\">\n\t\t\t\t\t<div class=\"elementor-column elementor-col-50 elementor-inner-column elementor-element elementor-element-01baf17\" data-id=\"01baf17\" data-element_type=\"column\" data-e-type=\"column\">\n\t\t\t<div class=\"elementor-widget-wrap elementor-element-populated\">\n\t\t\t\t\t\t<div class=\"elementor-element elementor-element-9cc5d35 elementor-align-left elementor-mobile-align-justify elementor-widget elementor-widget-button\" data-id=\"9cc5d35\" data-element_type=\"widget\" data-e-type=\"widget\" data-widget_type=\"button.default\">\n\t\t\t\t<div class=\"elementor-widget-container\">\n\t\t\t\t\t\t\t\t\t<div class=\"elementor-button-wrapper\">\n\t\t\t\t\t<a class=\"elementor-button elementor-button-link elementor-size-md\" href=\"https:\/\/fidcorp.ch\/en\/contact\/\">\n\t\t\t\t\t\t<span class=\"elementor-button-content-wrapper\">\n\t\t\t\t\t\t\t\t\t<span class=\"elementor-button-text\">Speak with an advisor<\/span>\n\t\t\t\t\t<\/span>\n\t\t\t\t\t<\/a>\n\t\t\t\t<\/div>\n\t\t\t\t\t\t\t\t<\/div>\n\t\t\t\t<\/div>\n\t\t\t\t\t<\/div>\n\t\t<\/div>\n\t\t\t\t<div class=\"elementor-column elementor-col-50 elementor-inner-column elementor-element elementor-element-bae5aa4\" data-id=\"bae5aa4\" data-element_type=\"column\" data-e-type=\"column\">\n\t\t\t<div class=\"elementor-widget-wrap elementor-element-populated\">\n\t\t\t\t\t\t<div class=\"elementor-element elementor-element-8e22255 elementor-align-left elementor-mobile-align-justify elementor-widget elementor-widget-button\" data-id=\"8e22255\" data-element_type=\"widget\" data-e-type=\"widget\" data-widget_type=\"button.default\">\n\t\t\t\t<div class=\"elementor-widget-container\">\n\t\t\t\t\t\t\t\t\t<div class=\"elementor-button-wrapper\">\n\t\t\t\t\t<a class=\"elementor-button elementor-button-link elementor-size-sm\" href=\"https:\/\/fidcorp.ch\/en\/particuliers\/\">\n\t\t\t\t\t\t<span class=\"elementor-button-content-wrapper\">\n\t\t\t\t\t\t\t\t\t<span class=\"elementor-button-text\">Discover our areas of expertise<\/span>\n\t\t\t\t\t<\/span>\n\t\t\t\t\t<\/a>\n\t\t\t\t<\/div>\n\t\t\t\t\t\t\t\t<\/div>\n\t\t\t\t<\/div>\n\t\t\t\t\t<\/div>\n\t\t<\/div>\n\t\t\t\t\t<\/div>\n\t\t<\/section>\n\t\t\t\t\t<\/div>\n\t\t<\/div>\n\t\t\t\t<div class=\"elementor-column elementor-col-50 elementor-top-column elementor-element elementor-element-5b9c82c\" data-id=\"5b9c82c\" data-element_type=\"column\" data-e-type=\"column\">\n\t\t\t<div class=\"elementor-widget-wrap elementor-element-populated\">\n\t\t\t\t\t\t<div class=\"elementor-element elementor-element-0a8df7f elementor-widget elementor-widget-image\" data-id=\"0a8df7f\" data-element_type=\"widget\" data-e-type=\"widget\" data-widget_type=\"image.default\">\n\t\t\t\t<div class=\"elementor-widget-container\">\n\t\t\t\t\t\t\t\t\t\t\t\t\t\t\t<img fetchpriority=\"high\" decoding=\"async\" width=\"768\" height=\"512\" src=\"https:\/\/fidcorp.ch\/wp-content\/uploads\/2023\/02\/obbafvj9psm-768x512.jpg\" class=\"attachment-medium_large size-medium_large wp-image-29624\" alt=\"Rectification de l&#039;imp\u00f4t \u00e0 la source\" srcset=\"https:\/\/fidcorp.ch\/wp-content\/uploads\/2023\/02\/obbafvj9psm-768x512.jpg 768w, https:\/\/fidcorp.ch\/wp-content\/uploads\/2023\/02\/obbafvj9psm-300x200.jpg 300w, https:\/\/fidcorp.ch\/wp-content\/uploads\/2023\/02\/obbafvj9psm-1024x683.jpg 1024w, https:\/\/fidcorp.ch\/wp-content\/uploads\/2023\/02\/obbafvj9psm-1536x1024.jpg 1536w, https:\/\/fidcorp.ch\/wp-content\/uploads\/2023\/02\/obbafvj9psm.jpg 1600w\" sizes=\"(max-width: 768px) 100vw, 768px\" \/>\t\t\t\t\t\t\t\t\t\t\t\t\t\t\t<\/div>\n\t\t\t\t<\/div>\n\t\t\t\t\t<\/div>\n\t\t<\/div>\n\t\t\t\t\t<\/div>\n\t\t<\/section>\n\t\t\t\t<\/div>","protected":false},"excerpt":{"rendered":"<p>Home Demande de rectification imp\u00f4t \u00e0 la source Corrigez le montant de votre assiette imposable Le pr\u00e9l\u00e8vement \u00e0 la source consiste \u00e0 d\u00e9duire l\u2019imp\u00f4t avant versement du revenu. Si vous \u00eates frontalier ou en possession d\u2019un permis B, vous y \u00eates soumis et devez donc effectuer les d\u00e9marches n\u00e9cessaires. En savoir plus Qu&rsquo;est-ce que l&rsquo;imp\u00f4t [&hellip;]<\/p>","protected":false},"author":1,"featured_media":29624,"parent":0,"menu_order":0,"comment_status":"closed","ping_status":"closed","template":"","meta":{"footnotes":""},"class_list":["post-29619","page","type-page","status-publish","has-post-thumbnail","hentry"],"_links":{"self":[{"href":"https:\/\/fidcorp.ch\/en\/wp-json\/wp\/v2\/pages\/29619","targetHints":{"allow":["GET"]}}],"collection":[{"href":"https:\/\/fidcorp.ch\/en\/wp-json\/wp\/v2\/pages"}],"about":[{"href":"https:\/\/fidcorp.ch\/en\/wp-json\/wp\/v2\/types\/page"}],"author":[{"embeddable":true,"href":"https:\/\/fidcorp.ch\/en\/wp-json\/wp\/v2\/users\/1"}],"replies":[{"embeddable":true,"href":"https:\/\/fidcorp.ch\/en\/wp-json\/wp\/v2\/comments?post=29619"}],"version-history":[{"count":43,"href":"https:\/\/fidcorp.ch\/en\/wp-json\/wp\/v2\/pages\/29619\/revisions"}],"predecessor-version":[{"id":30968,"href":"https:\/\/fidcorp.ch\/en\/wp-json\/wp\/v2\/pages\/29619\/revisions\/30968"}],"wp:featuredmedia":[{"embeddable":true,"href":"https:\/\/fidcorp.ch\/en\/wp-json\/wp\/v2\/media\/29624"}],"wp:attachment":[{"href":"https:\/\/fidcorp.ch\/en\/wp-json\/wp\/v2\/media?parent=29619"}],"curies":[{"name":"wp","href":"https:\/\/api.w.org\/{rel}","templated":true}]}}