{"id":29283,"date":"2023-01-14T13:44:19","date_gmt":"2023-01-14T12:44:19","guid":{"rendered":"https:\/\/fidcorp.ch\/?page_id=29283"},"modified":"2023-08-17T10:57:55","modified_gmt":"2023-08-17T08:57:55","slug":"rattrapage-de-comptabilite","status":"publish","type":"page","link":"https:\/\/fidcorp.ch\/en\/rattrapage-de-comptabilite\/","title":{"rendered":"Catching up on accounting"},"content":{"rendered":"<div data-elementor-type=\"wp-page\" data-elementor-id=\"29283\" class=\"elementor elementor-29283\" data-elementor-post-type=\"page\">\n\t\t\t\t\t\t<section class=\"elementor-section elementor-top-section elementor-element elementor-element-84544e2 elementor-section-height-min-height elementor-section-boxed elementor-section-height-default elementor-section-items-middle\" data-id=\"84544e2\" data-element_type=\"section\" data-e-type=\"section\">\n\t\t\t\t\t\t<div class=\"elementor-container elementor-column-gap-default\">\n\t\t\t\t\t<div class=\"elementor-column elementor-col-100 elementor-top-column elementor-element elementor-element-04fd5e8\" data-id=\"04fd5e8\" data-element_type=\"column\" data-e-type=\"column\">\n\t\t\t<div class=\"elementor-widget-wrap\">\n\t\t\t\t\t\t\t<\/div>\n\t\t<\/div>\n\t\t\t\t\t<\/div>\n\t\t<\/section>\n\t\t\t\t<section class=\"elementor-section elementor-top-section elementor-element elementor-element-e26ee8b elementor-section-height-min-height elementor-section-boxed elementor-section-height-default elementor-section-items-middle\" data-id=\"e26ee8b\" data-element_type=\"section\" data-e-type=\"section\" data-settings=\"{&quot;background_background&quot;:&quot;classic&quot;}\">\n\t\t\t\t\t\t\t<div class=\"elementor-background-overlay\"><\/div>\n\t\t\t\t\t\t\t<div class=\"elementor-container elementor-column-gap-default\">\n\t\t\t\t\t<div class=\"elementor-column elementor-col-50 elementor-top-column elementor-element elementor-element-cb3509c\" data-id=\"cb3509c\" data-element_type=\"column\" data-e-type=\"column\">\n\t\t\t<div class=\"elementor-widget-wrap elementor-element-populated\">\n\t\t\t\t\t\t<div class=\"elementor-element elementor-element-a68e739 elementor-widget elementor-widget-heading\" data-id=\"a68e739\" data-element_type=\"widget\" data-e-type=\"widget\" data-widget_type=\"heading.default\">\n\t\t\t\t<div class=\"elementor-widget-container\">\n\t\t\t\t\t<h1 class=\"elementor-heading-title elementor-size-default\">Catching up on accounting<\/h1>\t\t\t\t<\/div>\n\t\t\t\t<\/div>\n\t\t\t\t<div class=\"elementor-element elementor-element-97c1cac elementor-widget elementor-widget-heading\" data-id=\"97c1cac\" data-element_type=\"widget\" data-e-type=\"widget\" data-widget_type=\"heading.default\">\n\t\t\t\t<div class=\"elementor-widget-container\">\n\t\t\t\t\t<h2 class=\"elementor-heading-title elementor-size-default\">Stay up to date at all times<\/h2>\t\t\t\t<\/div>\n\t\t\t\t<\/div>\n\t\t\t\t<div class=\"elementor-element elementor-element-13ba461 elementor-widget elementor-widget-text-editor\" data-id=\"13ba461\" data-element_type=\"widget\" data-e-type=\"widget\" data-widget_type=\"text-editor.default\">\n\t\t\t\t<div class=\"elementor-widget-container\">\n\t\t\t\t\t\t\t\t\t<p>If you are having trouble keeping your accounting up to date, our experts can help you by performing a catch-up.<\/p>\t\t\t\t\t\t\t\t<\/div>\n\t\t\t\t<\/div>\n\t\t\t\t<div class=\"elementor-element elementor-element-2e9eb0d elementor-align-left elementor-mobile-align-justify elementor-widget elementor-widget-button\" data-id=\"2e9eb0d\" data-element_type=\"widget\" data-e-type=\"widget\" data-widget_type=\"button.default\">\n\t\t\t\t<div class=\"elementor-widget-container\">\n\t\t\t\t\t\t\t\t\t<div class=\"elementor-button-wrapper\">\n\t\t\t\t\t<a class=\"elementor-button elementor-button-link elementor-size-sm\" href=\"#a-propos\">\n\t\t\t\t\t\t<span class=\"elementor-button-content-wrapper\">\n\t\t\t\t\t\t\t\t\t<span class=\"elementor-button-text\">Learn more<\/span>\n\t\t\t\t\t<\/span>\n\t\t\t\t\t<\/a>\n\t\t\t\t<\/div>\n\t\t\t\t\t\t\t\t<\/div>\n\t\t\t\t<\/div>\n\t\t\t\t\t<\/div>\n\t\t<\/div>\n\t\t\t\t<div class=\"elementor-column elementor-col-50 elementor-top-column elementor-element elementor-element-2d8168b\" data-id=\"2d8168b\" data-element_type=\"column\" data-e-type=\"column\">\n\t\t\t<div class=\"elementor-widget-wrap\">\n\t\t\t\t\t\t\t<\/div>\n\t\t<\/div>\n\t\t\t\t\t<\/div>\n\t\t<\/section>\n\t\t\t\t<section class=\"elementor-section elementor-top-section elementor-element elementor-element-590a92f elementor-section-height-min-height elementor-section-boxed elementor-section-height-default elementor-section-items-middle\" data-id=\"590a92f\" data-element_type=\"section\" data-e-type=\"section\" data-settings=\"{&quot;background_background&quot;:&quot;classic&quot;}\">\n\t\t\t\t\t\t<div class=\"elementor-container elementor-column-gap-default\">\n\t\t\t\t\t<div class=\"elementor-column elementor-col-100 elementor-top-column elementor-element elementor-element-f77bd62\" data-id=\"f77bd62\" data-element_type=\"column\" data-e-type=\"column\">\n\t\t\t<div class=\"elementor-widget-wrap elementor-element-populated\">\n\t\t\t\t\t\t<div class=\"elementor-element elementor-element-20ea400 elementor-widget elementor-widget-menu-anchor\" data-id=\"20ea400\" data-element_type=\"widget\" data-e-type=\"widget\" data-widget_type=\"menu-anchor.default\">\n\t\t\t\t<div class=\"elementor-widget-container\">\n\t\t\t\t\t\t\t<div class=\"elementor-menu-anchor\" id=\"a-propos\"><\/div>\n\t\t\t\t\t\t<\/div>\n\t\t\t\t<\/div>\n\t\t\t\t<div class=\"elementor-element elementor-element-53fde3a elementor-blockquote--skin-quotation elementor-blockquote--align-center elementor-widget elementor-widget-blockquote\" data-id=\"53fde3a\" data-element_type=\"widget\" data-e-type=\"widget\" data-widget_type=\"blockquote.default\">\n\t\t\t\t<div class=\"elementor-widget-container\">\n\t\t\t\t\t\t\t<blockquote class=\"elementor-blockquote\">\n\t\t\t<p class=\"elementor-blockquote__content\">\n\t\t\t\tWhether you are self-employed or a business, we make sure your accounts are always up to date.\t\t\t<\/p>\n\t\t\t\t\t<\/blockquote>\n\t\t\t\t\t\t<\/div>\n\t\t\t\t<\/div>\n\t\t\t\t\t<\/div>\n\t\t<\/div>\n\t\t\t\t\t<\/div>\n\t\t<\/section>\n\t\t\t\t<section class=\"elementor-section elementor-top-section elementor-element elementor-element-8189422 elementor-section-boxed elementor-section-height-default elementor-section-height-default\" data-id=\"8189422\" data-element_type=\"section\" data-e-type=\"section\">\n\t\t\t\t\t\t<div class=\"elementor-container elementor-column-gap-default\">\n\t\t\t\t\t<div class=\"elementor-column elementor-col-100 elementor-top-column elementor-element elementor-element-11cb235\" data-id=\"11cb235\" data-element_type=\"column\" data-e-type=\"column\">\n\t\t\t<div class=\"elementor-widget-wrap elementor-element-populated\">\n\t\t\t\t\t\t<div class=\"elementor-element elementor-element-e843762 elementor-widget elementor-widget-heading\" data-id=\"e843762\" data-element_type=\"widget\" data-e-type=\"widget\" data-widget_type=\"heading.default\">\n\t\t\t\t<div class=\"elementor-widget-container\">\n\t\t\t\t\t<h2 class=\"elementor-heading-title elementor-size-default\">What to do in case of late accounting?<\/h2>\t\t\t\t<\/div>\n\t\t\t\t<\/div>\n\t\t\t\t<div class=\"elementor-element elementor-element-f6148ff elementor-widget elementor-widget-text-editor\" data-id=\"f6148ff\" data-element_type=\"widget\" data-e-type=\"widget\" data-widget_type=\"text-editor.default\">\n\t\t\t\t<div class=\"elementor-widget-container\">\n\t\t\t\t\t\t\t\t\t<p>Ne pas avoir une comptabilit\u00e9 \u00e0 jour peut causer de l&rsquo;inqui\u00e9tude et de l&rsquo;anxi\u00e9t\u00e9 pour les dirigeants d&rsquo;entreprise en raison des cons\u00e9quences l\u00e9gales telles que les int\u00e9r\u00eats moratoires et les p\u00e9nalit\u00e9s de retard.<\/p><p>Il est obligatoire de tenir une comptabilit\u00e9 \u00e0 jour pour toute entreprise en Suisse. En outre, un retard dans la comptabilit\u00e9 peut causer une vision partielle de la performance de l&rsquo;entreprise.<\/p><p>Avoir une comptabilit\u00e9 \u00e0 jour permet de se concentrer sur l&rsquo;activit\u00e9 de l&rsquo;entreprise et de se pr\u00e9parer mieux pour les \u00e9ch\u00e9ances administratives \u00e0 venir.<\/p><p>Calling on our trustee allows you to comply with accounting and legal obligations while efficiently managing your company's finances.<\/p>\t\t\t\t\t\t\t\t<\/div>\n\t\t\t\t<\/div>\n\t\t\t\t<div class=\"elementor-element elementor-element-dfa8e12 elementor-widget-divider--view-line elementor-widget elementor-widget-divider\" data-id=\"dfa8e12\" data-element_type=\"widget\" data-e-type=\"widget\" data-widget_type=\"divider.default\">\n\t\t\t\t<div class=\"elementor-widget-container\">\n\t\t\t\t\t\t\t<div class=\"elementor-divider\">\n\t\t\t<span class=\"elementor-divider-separator\">\n\t\t\t\t\t\t<\/span>\n\t\t<\/div>\n\t\t\t\t\t\t<\/div>\n\t\t\t\t<\/div>\n\t\t\t\t<div class=\"elementor-element elementor-element-0206914 elementor-widget elementor-widget-heading\" data-id=\"0206914\" data-element_type=\"widget\" data-e-type=\"widget\" data-widget_type=\"heading.default\">\n\t\t\t\t<div class=\"elementor-widget-container\">\n\t\t\t\t\t<h2 class=\"elementor-heading-title elementor-size-default\">Fiduciary Fidcorp catches up with your accounting<\/h2>\t\t\t\t<\/div>\n\t\t\t\t<\/div>\n\t\t\t\t<div class=\"elementor-element elementor-element-e93ec4b elementor-widget elementor-widget-text-editor\" data-id=\"e93ec4b\" data-element_type=\"widget\" data-e-type=\"widget\" data-widget_type=\"text-editor.default\">\n\t\t\t\t<div class=\"elementor-widget-container\">\n\t\t\t\t\t\t\t\t\t<p>Notre \u00e9quipe de comptables peut rattraper votre comptabilit\u00e9 m\u00eame si vous l&rsquo;avez n\u00e9glig\u00e9e pendant plusieurs ann\u00e9es.<\/p><p>Nous pouvons \u00e9galement vous aider en cas d&rsquo;urgence. Pour que nous puissions vous assister, il est important que vous nous fournissiez certains documents cl\u00e9s tels que les relev\u00e9s bancaires, les factures d&rsquo;achats et de ventes, les d\u00e9clarations fiscales et les documents li\u00e9s aux assurances sociales. Une fois que nous disposons de ces documents, nous pouvons vous fournir vos comptes annuels et votre bilan comptable.<\/p><p>Nous effectuons \u00e9galement, si n\u00e9cessaire, les demandes de d\u00e9lais aupr\u00e8s des autorit\u00e9s comme votre caisse de compensation, caisse de pension et l&rsquo;administration fiscale.<\/p><p>B\u00e9n\u00e9ficiez d&rsquo;un rattrapage rapide et pr\u00e9cis de la comptabilit\u00e9 de votre entreprise. Pour cela, il vous suffit de prendre contact avec nous via notre page contact ou directement par e-mail en expliquant votre situation.<\/p>\t\t\t\t\t\t\t\t<\/div>\n\t\t\t\t<\/div>\n\t\t\t\t\t<\/div>\n\t\t<\/div>\n\t\t\t\t\t<\/div>\n\t\t<\/section>\n\t\t\t\t<section class=\"elementor-section elementor-top-section elementor-element elementor-element-9b2bec0 elementor-section-boxed elementor-section-height-default elementor-section-height-default\" data-id=\"9b2bec0\" data-element_type=\"section\" data-e-type=\"section\" data-settings=\"{&quot;background_background&quot;:&quot;classic&quot;}\">\n\t\t\t\t\t\t\t<div class=\"elementor-background-overlay\"><\/div>\n\t\t\t\t\t\t\t<div class=\"elementor-container elementor-column-gap-no\">\n\t\t\t\t\t<div class=\"elementor-column elementor-col-50 elementor-top-column elementor-element elementor-element-1c0150e\" data-id=\"1c0150e\" data-element_type=\"column\" data-e-type=\"column\">\n\t\t\t<div class=\"elementor-widget-wrap elementor-element-populated\">\n\t\t\t\t\t\t<div class=\"elementor-element elementor-element-d10c64a elementor-widget elementor-widget-heading\" data-id=\"d10c64a\" data-element_type=\"widget\" data-e-type=\"widget\" data-widget_type=\"heading.default\">\n\t\t\t\t<div class=\"elementor-widget-container\">\n\t\t\t\t\t<h5 class=\"elementor-heading-title elementor-size-default\">Notre fiduciaire &amp; vous<\/h5>\t\t\t\t<\/div>\n\t\t\t\t<\/div>\n\t\t\t\t<div class=\"elementor-element elementor-element-4e93953 elementor-invisible elementor-widget elementor-widget-text-editor\" data-id=\"4e93953\" data-element_type=\"widget\" data-e-type=\"widget\" data-settings=\"{&quot;_animation&quot;:&quot;fadeIn&quot;,&quot;_animation_delay&quot;:200}\" data-widget_type=\"text-editor.default\">\n\t\t\t\t<div class=\"elementor-widget-container\">\n\t\t\t\t\t\t\t\t\t<p>Schedule a meeting to discuss your needs with one of our specialists.<\/p>\t\t\t\t\t\t\t\t<\/div>\n\t\t\t\t<\/div>\n\t\t\t\t<section class=\"elementor-section elementor-inner-section elementor-element elementor-element-c715d13 elementor-section-full_width elementor-section-height-default elementor-section-height-default\" data-id=\"c715d13\" data-element_type=\"section\" data-e-type=\"section\">\n\t\t\t\t\t\t<div class=\"elementor-container elementor-column-gap-default\">\n\t\t\t\t\t<div class=\"elementor-column elementor-col-50 elementor-inner-column elementor-element elementor-element-09ac0d0\" data-id=\"09ac0d0\" data-element_type=\"column\" data-e-type=\"column\">\n\t\t\t<div class=\"elementor-widget-wrap elementor-element-populated\">\n\t\t\t\t\t\t<div class=\"elementor-element elementor-element-e920324 elementor-align-left elementor-mobile-align-justify elementor-widget elementor-widget-button\" data-id=\"e920324\" data-element_type=\"widget\" data-e-type=\"widget\" data-widget_type=\"button.default\">\n\t\t\t\t<div class=\"elementor-widget-container\">\n\t\t\t\t\t\t\t\t\t<div class=\"elementor-button-wrapper\">\n\t\t\t\t\t<a class=\"elementor-button elementor-button-link elementor-size-sm\" href=\"https:\/\/fidcorp.ch\/en\/contact\/\">\n\t\t\t\t\t\t<span class=\"elementor-button-content-wrapper\">\n\t\t\t\t\t\t\t\t\t<span class=\"elementor-button-text\">Speak with an advisor<\/span>\n\t\t\t\t\t<\/span>\n\t\t\t\t\t<\/a>\n\t\t\t\t<\/div>\n\t\t\t\t\t\t\t\t<\/div>\n\t\t\t\t<\/div>\n\t\t\t\t\t<\/div>\n\t\t<\/div>\n\t\t\t\t<div class=\"elementor-column elementor-col-50 elementor-inner-column elementor-element elementor-element-5292816\" data-id=\"5292816\" data-element_type=\"column\" data-e-type=\"column\">\n\t\t\t<div class=\"elementor-widget-wrap elementor-element-populated\">\n\t\t\t\t\t\t<div class=\"elementor-element elementor-element-bff5400 elementor-align-left elementor-mobile-align-justify elementor-widget elementor-widget-button\" data-id=\"bff5400\" data-element_type=\"widget\" data-e-type=\"widget\" data-widget_type=\"button.default\">\n\t\t\t\t<div class=\"elementor-widget-container\">\n\t\t\t\t\t\t\t\t\t<div class=\"elementor-button-wrapper\">\n\t\t\t\t\t<a class=\"elementor-button elementor-button-link elementor-size-sm\" href=\"https:\/\/fidcorp.ch\/en\/entreprises\/\">\n\t\t\t\t\t\t<span class=\"elementor-button-content-wrapper\">\n\t\t\t\t\t\t\t\t\t<span class=\"elementor-button-text\">Discover our areas of expertise<\/span>\n\t\t\t\t\t<\/span>\n\t\t\t\t\t<\/a>\n\t\t\t\t<\/div>\n\t\t\t\t\t\t\t\t<\/div>\n\t\t\t\t<\/div>\n\t\t\t\t\t<\/div>\n\t\t<\/div>\n\t\t\t\t\t<\/div>\n\t\t<\/section>\n\t\t\t\t\t<\/div>\n\t\t<\/div>\n\t\t\t\t<div class=\"elementor-column elementor-col-50 elementor-top-column elementor-element elementor-element-5b9bc36\" data-id=\"5b9bc36\" data-element_type=\"column\" data-e-type=\"column\">\n\t\t\t<div class=\"elementor-widget-wrap\">\n\t\t\t\t\t\t\t<\/div>\n\t\t<\/div>\n\t\t\t\t\t<\/div>\n\t\t<\/section>\n\t\t\t\t<\/div>","protected":false},"excerpt":{"rendered":"<p>Home Rattrapage de comptabilit\u00e9 Soyez \u00e0 jour en tout temps Si vous avez du mal \u00e0 mettre \u00e0 jour votre comptabilit\u00e9, nos experts peuvent vous aider en effectuant un rattrapage. En savoir plus Que vous soyez un ind\u00e9pendant ou une entreprise, nous nous assurons que vos comptes soient \u00e0 jour en tout temps. Que faire [&hellip;]<\/p>","protected":false},"author":1,"featured_media":29132,"parent":0,"menu_order":0,"comment_status":"closed","ping_status":"closed","template":"","meta":{"footnotes":""},"class_list":["post-29283","page","type-page","status-publish","has-post-thumbnail","hentry"],"_links":{"self":[{"href":"https:\/\/fidcorp.ch\/en\/wp-json\/wp\/v2\/pages\/29283","targetHints":{"allow":["GET"]}}],"collection":[{"href":"https:\/\/fidcorp.ch\/en\/wp-json\/wp\/v2\/pages"}],"about":[{"href":"https:\/\/fidcorp.ch\/en\/wp-json\/wp\/v2\/types\/page"}],"author":[{"embeddable":true,"href":"https:\/\/fidcorp.ch\/en\/wp-json\/wp\/v2\/users\/1"}],"replies":[{"embeddable":true,"href":"https:\/\/fidcorp.ch\/en\/wp-json\/wp\/v2\/comments?post=29283"}],"version-history":[{"count":21,"href":"https:\/\/fidcorp.ch\/en\/wp-json\/wp\/v2\/pages\/29283\/revisions"}],"predecessor-version":[{"id":30992,"href":"https:\/\/fidcorp.ch\/en\/wp-json\/wp\/v2\/pages\/29283\/revisions\/30992"}],"wp:featuredmedia":[{"embeddable":true,"href":"https:\/\/fidcorp.ch\/en\/wp-json\/wp\/v2\/media\/29132"}],"wp:attachment":[{"href":"https:\/\/fidcorp.ch\/en\/wp-json\/wp\/v2\/media?parent=29283"}],"curies":[{"name":"wp","href":"https:\/\/api.w.org\/{rel}","templated":true}]}}